{"id":8,"date":"2023-02-15T23:32:07","date_gmt":"2023-02-15T22:32:07","guid":{"rendered":"http:\/\/ipgbd.edu.pl\/?page_id=8"},"modified":"2023-02-17T07:19:08","modified_gmt":"2023-02-17T06:19:08","slug":"strona-glowna","status":"publish","type":"page","link":"https:\/\/ipgbd.edu.pl\/","title":{"rendered":"Strona g\u0142\u00f3wna"},"content":{"rendered":"\n<div class=\"wp-block-cover alignwide is-light\"><span aria-hidden=\"true\" class=\"wp-block-cover__background has-background-dim-20 has-background-dim\"><\/span><img loading=\"lazy\" decoding=\"async\" width=\"1024\" height=\"576\" class=\"wp-block-cover__image-background wp-image-10\" alt=\"\" src=\"http:\/\/ipgbd.edu.pl\/wp-content\/uploads\/2023\/02\/Instytut-Prawa-Gospodarczego-BD-1024x576.png\" style=\"object-position:50% 47%\" data-object-fit=\"cover\" data-object-position=\"50% 47%\" srcset=\"https:\/\/ipgbd.edu.pl\/wp-content\/uploads\/2023\/02\/Instytut-Prawa-Gospodarczego-BD-1024x576.png 1024w, https:\/\/ipgbd.edu.pl\/wp-content\/uploads\/2023\/02\/Instytut-Prawa-Gospodarczego-BD-300x169.png 300w, https:\/\/ipgbd.edu.pl\/wp-content\/uploads\/2023\/02\/Instytut-Prawa-Gospodarczego-BD-768x432.png 768w, https:\/\/ipgbd.edu.pl\/wp-content\/uploads\/2023\/02\/Instytut-Prawa-Gospodarczego-BD.png 1366w\" sizes=\"auto, (max-width: 1024px) 100vw, 1024px\" \/><div class=\"wp-block-cover__inner-container is-layout-flow wp-block-cover-is-layout-flow\"><p class=\"fonts-plugin-block \" style=\"font-family: Roboto;font-weight: normal;font-size: 50px;color: #ffffff\"><strong>IPG Business Development Sp. z o.o.<\/strong><\/p>\n\n<h4 class=\"fonts-plugin-block \" style=\"font-family: Roboto;font-weight: 400;font-size: 16px;line-height: 1.9\"><strong>IPG Business Development\u00a0nale\u017cy do Grupy Instytutu Prawa Gospodarczego Sp. z o.o. i\u00a0oferuje profesjonalne wsparcie i doradztwo biznesowe, przede wszystkim w zakresie sprawnej realizacji projekt\u00f3w inwestycyjnych oraz umiej\u0119tnego korzystania przez przedsi\u0119biorc\u00f3w z narz\u0119dzi zewn\u0119trznych, ukierunkowanych na eliminacj\u0119 b\u0105d\u017a znacz\u0105ce ograniczenie wp\u0142ywu negatywnych czynnik\u00f3w zewn\u0119trznych.<\/strong><\/h4>\n\n\n<div class=\"wp-block-buttons is-layout-flex wp-block-buttons-is-layout-flex\">\n<div class=\"wp-block-button is-style-outline is-style-outline--1\"><a class=\"wp-block-button__link has-white-color has-text-color has-background wp-element-button\" href=\"#onas\" style=\"border-radius:0px;background-color:#d360a2\"><strong>O nas<\/strong><\/a><\/div>\n\n\n\n<div class=\"wp-block-button is-style-outline is-style-outline--2\"><a class=\"wp-block-button__link has-white-color has-text-color has-background wp-element-button\" style=\"border-radius:0px;background-color:#d360a2\"><strong>Us\u0142ugi<\/strong><\/a><\/div>\n<\/div>\n<\/div><\/div>\n\n\n\n<p>   <\/p>\n\n\n\n<h3 class=\"alignwide has-text-align-center has-text-color wp-block-heading\" style=\"color:#d360a2\">O nas<\/h3>\n\n\n<p class=\"fonts-plugin-block \" style=\"font-family: Roboto;font-weight: 400;font-size: 16px;color: #000000\">IPG Business Development czynnie dzia\u0142a na rzecz rozwoju biznesu, usprawniania proces\u00f3w dla niego kluczowych oraz pomaga wdra\u017ca\u0107 innowacyjne rozwi\u0105zania zwi\u0119kszaj\u0105ce efektywno\u015b\u0107\u00a0i konkurencyjno\u015b\u0107. <\/p>\n\n<p class=\"fonts-plugin-block \" style=\"font-family: Roboto;font-weight: 400;font-size: 16px;color: #000000\">Zapewnia kompleksowe wsparcie rozwojowe i organizacyjne kluczowych element\u00f3w przedsi\u0119biorstw, jak r\u00f3wnie\u017c proces\u00f3w inwestycyjnych oraz wdra\u017cania konstruktywnych rozwi\u0105za\u0144 finansowych dla przedsi\u0119biorstw, instytucji i organizacji. W&nbsp;ramach swojej dzia\u0142alno\u015bci korzysta z bie\u017c\u0105cego wsparcia Ekspert\u00f3w IPG oraz pozosta\u0142ych podmiot\u00f3w wsp\u00f3\u0142pracuj\u0105cych z Grup\u0105 IPG.<\/p>\n\n\n<h3 class=\"alignwide has-text-align-center has-text-color wp-block-heading\" style=\"color:#d360a2\">Us\u0142ugi<\/h3>\n\n\n<h5 class=\"fonts-plugin-block \" style=\"font-family: Roboto;font-weight: normal;line-height: 3;text-align: center;color: #000000\"><strong>Kompleksowe wsparcie przedsi\u0119biorc\u00f3w infrastrukturalnych<\/strong><\/h5>\n\n<p class=\"fonts-plugin-block \" style=\"font-family: Roboto;font-weight: normal;font-size: 16px;color: #000000\">Instytut Prawa Gospodarczego wraz z pozosta\u0142ymi podmiotami z Grupy IPG oraz wsp\u00f3\u0142pracuj\u0105cymi Ekspertami dysponuje wieloletnim do\u015bwiadczeniem w realizacji kompleksowych us\u0142ug doradczych o charakterze biznesowym i prawnym na rzecz szeroko rozumianych przedsi\u0119biorc\u00f3w infrastrukturalnych, zar\u00f3wno w zakresie \u015bwiadczenia bie\u017c\u0105cej obs\u0142ugi prawnej oraz doradztwa biznesowego, jak r\u00f3wnie\u017c w zakresie kompleksowego wsparcia w realizacji przez przedsi\u0119biorc\u00f3w projekt\u00f3w o charakterze strategicznym i rozwojowym, w tym w szczeg\u00f3lno\u015bci kompleksowej obs\u0142ugi prawnych uwarunkowa\u0144 przedsi\u0119wzi\u0119\u0107 tego typu.&nbsp;<\/p>\n\n<p class=\"fonts-plugin-block \" style=\"font-family: Roboto;font-weight: normal;font-size: 16px;color: #000000\">\u015awiadczone przez Instytut wsparcie by\u0142o z powodzeniem wykorzystywane przez przedsi\u0119biorc\u00f3w dzia\u0142aj\u0105cych w sektorze u\u017cyteczno\u015bci publicznej, w tym w bran\u017cy wodoci\u0105gowej, energetycznej oraz telekomunikacyjnej. W ramach kompleksowych us\u0142ug \u015bwiadczonych przez Grup\u0119 IPG, IPG Business Development Sp. z o.o. stanowi wyspecjalizowany podmiot, \u015bwiadcz\u0105cych us\u0142ugi doradczej&nbsp;w nast\u0119puj\u0105cych obszarach:<\/p>\n\n\n<div class=\"wp-block-group is-content-justification-center is-nowrap is-layout-flex wp-container-core-group-is-layout-1a32ca2e wp-block-group-is-layout-flex\">\n<h5 class=\"has-text-align-center has-white-color has-text-color has-background wp-block-heading\" style=\"background-color:#5e6e71\"><strong>doradztwo w zakresie realizacji projekt\u00f3w inwestycyjnych obejmuj\u0105cych rozwi\u0105zania ukierunkowane na optymalizacj\u0119 zaopatrzenia w energi\u0119 elektryczn\u0105<\/strong><\/h5>\n\n\n\n<h5 class=\"has-text-align-center has-white-color has-text-color has-background wp-block-heading\" style=\"background-color:#5e6e71\"><strong>zarz\u0105dzanie ryzykiem finansowym i towarowym<\/strong><\/h5>\n\n\n\n<h5 class=\"has-text-align-center has-white-color has-text-color has-background wp-block-heading\" style=\"background-color:#5e6e71\"><strong>doradztwo w zakresie obrotu energi\u0105 oraz narz\u0119dzi wdra\u017cania polityki energooszcz\u0119dno\u015bci<\/strong><\/h5>\n<\/div>\n\n\n\n<hr class=\"wp-block-separator has-text-color has-white-color has-alpha-channel-opacity has-white-background-color has-background\"\/>\n\n\n\n<div class=\"wp-block-group is-nowrap is-layout-flex wp-container-core-group-is-layout-ad2f72ca wp-block-group-is-layout-flex\">\n<h5 class=\"has-text-align-center has-white-color has-text-color has-background wp-block-heading\" style=\"background-color:#a52878\">doradztwo w zakresie rozliczania \u015brodk\u00f3w zewn\u0119trznych pochodz\u0105cych ze \u017ar\u00f3de\u0142 unijnych.<\/h5>\n\n\n\n<h5 class=\"has-text-align-center has-white-color has-text-color has-background wp-block-heading\" style=\"background-color:#a52878\"><strong>doradztwo w zakresie pozyskiwania \u015brodk\u00f3w zewn\u0119trznych na realizacj\u0119 cel\u00f3w inwestycyjnych obejmuj\u0105cych w szczeg\u00f3lno\u015bci bilansowanie wykorzystania energii elektrycznej<\/strong><\/h5>\n<\/div>\n\n\n\n<div style=\"height:100px\" aria-hidden=\"true\" class=\"wp-block-spacer\"><\/div>\n\n\n\n<h3 class=\"alignwide has-text-align-center has-text-color wp-block-heading\" style=\"color:#d360a2\">Kontakt<\/h3>\n\n\n\n<div class=\"wp-block-group alignwide is-content-justification-center is-nowrap is-layout-flex wp-container-core-group-is-layout-94bc23d7 wp-block-group-is-layout-flex\">\n<div class=\"wp-block-group alignwide\"><div class=\"wp-block-group__inner-container is-layout-constrained wp-block-group-is-layout-constrained\"><h5 class=\"fonts-plugin-block \" style=\"font-family: Roboto;font-weight: 400;font-size: 17px;line-height: 1\"><strong>Kacper Boro\u0144, MBA \u2013 Prezes Zarz\u0105du<\/strong><\/h5>\n\n<p class=\"fonts-plugin-block \" style=\"font-family: Roboto;font-weight: normal;font-size: 16px;line-height: 1;text-align: center\"><strong>tel. 690 339\u00a0283<\/strong><\/p>\n\n<p class=\"fonts-plugin-block \" style=\"font-family: Roboto;font-weight: 400;font-size: 16px;line-height: 1;text-align: center\"><a href=\"mailto:k.boron@ipg.edu.pl\" target=\"_blank\" rel=\"noreferrer noopener\">k.boron@ipg.edu.pl<\/a> <\/p>\n\n<h5 class=\"fonts-plugin-block \" style=\"font-weight: normal;line-height: 1;text-align: center\"><strong>Bartosz Go\u0142\u0119biowski \u2013 Asystent&nbsp;<\/strong><\/h5>\n\n<p class=\"fonts-plugin-block \" style=\"font-family: Roboto;font-weight: normal;font-size: 16px;line-height: 1;text-align: center\"><strong>tel. 666\u00a0098\u00a0202<\/strong><\/p>\n\n<p class=\"fonts-plugin-block \" style=\"font-family: Roboto;font-weight: 400;font-size: 16px;line-height: 1;text-align: center\"><a href=\"mailto:b.golebiowski@ipg.edu.pl\" target=\"_blank\" rel=\"noreferrer noopener\">b.golebiowski@ipg.edu.pl<\/a><\/p><\/div><\/div>\n<\/div>\n","protected":false},"excerpt":{"rendered":"<p>O nas Us\u0142ugi doradztwo w zakresie realizacji projekt\u00f3w inwestycyjnych obejmuj\u0105cych rozwi\u0105zania ukierunkowane na optymalizacj\u0119 zaopatrzenia w energi\u0119 elektryczn\u0105 zarz\u0105dzanie ryzykiem finansowym i towarowym doradztwo w zakresie obrotu energi\u0105 oraz narz\u0119dzi &#8230;<\/p>\n","protected":false},"author":1,"featured_media":0,"parent":0,"menu_order":0,"comment_status":"closed","ping_status":"closed","template":"elementor_theme","meta":{"footnotes":""},"class_list":["post-8","page","type-page","status-publish","hentry"],"yoast_head":"<!-- This site is optimized with the Yoast SEO plugin v20.1 - https:\/\/yoast.com\/wordpress\/plugins\/seo\/ -->\n<title>Strona g\u0142\u00f3wna - IPGBD<\/title>\n<meta name=\"robots\" content=\"index, follow, max-snippet:-1, max-image-preview:large, max-video-preview:-1\" \/>\n<link rel=\"canonical\" href=\"http:\/\/ipgbd.edu.pl\/\" \/>\n<meta property=\"og:locale\" content=\"pl_PL\" \/>\n<meta property=\"og:type\" content=\"article\" \/>\n<meta property=\"og:title\" content=\"Strona g\u0142\u00f3wna - IPGBD\" \/>\n<meta property=\"og:description\" content=\"O nas Us\u0142ugi doradztwo w zakresie realizacji projekt\u00f3w inwestycyjnych obejmuj\u0105cych rozwi\u0105zania ukierunkowane na optymalizacj\u0119 zaopatrzenia w energi\u0119 elektryczn\u0105 zarz\u0105dzanie ryzykiem finansowym i towarowym doradztwo w zakresie obrotu energi\u0105 oraz narz\u0119dzi ...\" \/>\n<meta property=\"og:url\" content=\"http:\/\/ipgbd.edu.pl\/\" \/>\n<meta property=\"og:site_name\" content=\"IPGBD\" \/>\n<meta property=\"article:modified_time\" content=\"2023-02-17T06:19:08+00:00\" \/>\n<meta property=\"og:image\" content=\"http:\/\/ipgbd.edu.pl\/wp-content\/uploads\/2023\/02\/Instytut-Prawa-Gospodarczego-BD-1024x576.png\" \/>\n<meta name=\"twitter:card\" content=\"summary_large_image\" \/>\n<meta name=\"twitter:label1\" content=\"Szacowany czas czytania\" \/>\n\t<meta name=\"twitter:data1\" content=\"1 minuta\" \/>\n<script type=\"application\/ld+json\" class=\"yoast-schema-graph\">{\"@context\":\"https:\/\/schema.org\",\"@graph\":[{\"@type\":\"WebPage\",\"@id\":\"http:\/\/ipgbd.edu.pl\/\",\"url\":\"http:\/\/ipgbd.edu.pl\/\",\"name\":\"Strona g\u0142\u00f3wna - IPGBD\",\"isPartOf\":{\"@id\":\"http:\/\/ipgbd.edu.pl\/#website\"},\"datePublished\":\"2023-02-15T22:32:07+00:00\",\"dateModified\":\"2023-02-17T06:19:08+00:00\",\"breadcrumb\":{\"@id\":\"http:\/\/ipgbd.edu.pl\/#breadcrumb\"},\"inLanguage\":\"pl-PL\",\"potentialAction\":[{\"@type\":\"ReadAction\",\"target\":[\"http:\/\/ipgbd.edu.pl\/\"]}]},{\"@type\":\"BreadcrumbList\",\"@id\":\"http:\/\/ipgbd.edu.pl\/#breadcrumb\",\"itemListElement\":[{\"@type\":\"ListItem\",\"position\":1,\"name\":\"Home\",\"item\":\"http:\/\/ipgbd.edu.pl\/\"},{\"@type\":\"ListItem\",\"position\":2,\"name\":\"Strona g\u0142\u00f3wna\"}]},{\"@type\":\"WebSite\",\"@id\":\"http:\/\/ipgbd.edu.pl\/#website\",\"url\":\"http:\/\/ipgbd.edu.pl\/\",\"name\":\"IPGBD\",\"description\":\"\",\"publisher\":{\"@id\":\"http:\/\/ipgbd.edu.pl\/#organization\"},\"potentialAction\":[{\"@type\":\"SearchAction\",\"target\":{\"@type\":\"EntryPoint\",\"urlTemplate\":\"http:\/\/ipgbd.edu.pl\/?s={search_term_string}\"},\"query-input\":\"required name=search_term_string\"}],\"inLanguage\":\"pl-PL\"},{\"@type\":\"Organization\",\"@id\":\"http:\/\/ipgbd.edu.pl\/#organization\",\"name\":\"IPGBD\",\"url\":\"http:\/\/ipgbd.edu.pl\/\",\"logo\":{\"@type\":\"ImageObject\",\"inLanguage\":\"pl-PL\",\"@id\":\"http:\/\/ipgbd.edu.pl\/#\/schema\/logo\/image\/\",\"url\":\"https:\/\/ipgbd.edu.pl\/wp-content\/uploads\/2023\/02\/cropped-IPG-BD.png\",\"contentUrl\":\"https:\/\/ipgbd.edu.pl\/wp-content\/uploads\/2023\/02\/cropped-IPG-BD.png\",\"width\":347,\"height\":215,\"caption\":\"IPGBD\"},\"image\":{\"@id\":\"http:\/\/ipgbd.edu.pl\/#\/schema\/logo\/image\/\"}}]}<\/script>\n<!-- \/ Yoast SEO plugin. -->","yoast_head_json":{"title":"Strona g\u0142\u00f3wna - IPGBD","robots":{"index":"index","follow":"follow","max-snippet":"max-snippet:-1","max-image-preview":"max-image-preview:large","max-video-preview":"max-video-preview:-1"},"canonical":"http:\/\/ipgbd.edu.pl\/","og_locale":"pl_PL","og_type":"article","og_title":"Strona g\u0142\u00f3wna - IPGBD","og_description":"O nas Us\u0142ugi doradztwo w zakresie realizacji projekt\u00f3w inwestycyjnych obejmuj\u0105cych rozwi\u0105zania ukierunkowane na optymalizacj\u0119 zaopatrzenia w energi\u0119 elektryczn\u0105 zarz\u0105dzanie ryzykiem finansowym i towarowym doradztwo w zakresie obrotu energi\u0105 oraz narz\u0119dzi ...","og_url":"http:\/\/ipgbd.edu.pl\/","og_site_name":"IPGBD","article_modified_time":"2023-02-17T06:19:08+00:00","og_image":[{"url":"http:\/\/ipgbd.edu.pl\/wp-content\/uploads\/2023\/02\/Instytut-Prawa-Gospodarczego-BD-1024x576.png"}],"twitter_card":"summary_large_image","twitter_misc":{"Szacowany czas czytania":"1 minuta"},"schema":{"@context":"https:\/\/schema.org","@graph":[{"@type":"WebPage","@id":"http:\/\/ipgbd.edu.pl\/","url":"http:\/\/ipgbd.edu.pl\/","name":"Strona g\u0142\u00f3wna - IPGBD","isPartOf":{"@id":"http:\/\/ipgbd.edu.pl\/#website"},"datePublished":"2023-02-15T22:32:07+00:00","dateModified":"2023-02-17T06:19:08+00:00","breadcrumb":{"@id":"http:\/\/ipgbd.edu.pl\/#breadcrumb"},"inLanguage":"pl-PL","potentialAction":[{"@type":"ReadAction","target":["http:\/\/ipgbd.edu.pl\/"]}]},{"@type":"BreadcrumbList","@id":"http:\/\/ipgbd.edu.pl\/#breadcrumb","itemListElement":[{"@type":"ListItem","position":1,"name":"Home","item":"http:\/\/ipgbd.edu.pl\/"},{"@type":"ListItem","position":2,"name":"Strona g\u0142\u00f3wna"}]},{"@type":"WebSite","@id":"http:\/\/ipgbd.edu.pl\/#website","url":"http:\/\/ipgbd.edu.pl\/","name":"IPGBD","description":"","publisher":{"@id":"http:\/\/ipgbd.edu.pl\/#organization"},"potentialAction":[{"@type":"SearchAction","target":{"@type":"EntryPoint","urlTemplate":"http:\/\/ipgbd.edu.pl\/?s={search_term_string}"},"query-input":"required name=search_term_string"}],"inLanguage":"pl-PL"},{"@type":"Organization","@id":"http:\/\/ipgbd.edu.pl\/#organization","name":"IPGBD","url":"http:\/\/ipgbd.edu.pl\/","logo":{"@type":"ImageObject","inLanguage":"pl-PL","@id":"http:\/\/ipgbd.edu.pl\/#\/schema\/logo\/image\/","url":"https:\/\/ipgbd.edu.pl\/wp-content\/uploads\/2023\/02\/cropped-IPG-BD.png","contentUrl":"https:\/\/ipgbd.edu.pl\/wp-content\/uploads\/2023\/02\/cropped-IPG-BD.png","width":347,"height":215,"caption":"IPGBD"},"image":{"@id":"http:\/\/ipgbd.edu.pl\/#\/schema\/logo\/image\/"}}]}},"_links":{"self":[{"href":"https:\/\/ipgbd.edu.pl\/index.php?rest_route=\/wp\/v2\/pages\/8","targetHints":{"allow":["GET"]}}],"collection":[{"href":"https:\/\/ipgbd.edu.pl\/index.php?rest_route=\/wp\/v2\/pages"}],"about":[{"href":"https:\/\/ipgbd.edu.pl\/index.php?rest_route=\/wp\/v2\/types\/page"}],"author":[{"embeddable":true,"href":"https:\/\/ipgbd.edu.pl\/index.php?rest_route=\/wp\/v2\/users\/1"}],"replies":[{"embeddable":true,"href":"https:\/\/ipgbd.edu.pl\/index.php?rest_route=%2Fwp%2Fv2%2Fcomments&post=8"}],"version-history":[{"count":22,"href":"https:\/\/ipgbd.edu.pl\/index.php?rest_route=\/wp\/v2\/pages\/8\/revisions"}],"predecessor-version":[{"id":52,"href":"https:\/\/ipgbd.edu.pl\/index.php?rest_route=\/wp\/v2\/pages\/8\/revisions\/52"}],"wp:attachment":[{"href":"https:\/\/ipgbd.edu.pl\/index.php?rest_route=%2Fwp%2Fv2%2Fmedia&parent=8"}],"curies":[{"name":"wp","href":"https:\/\/api.w.org\/{rel}","templated":true}]}}